{"id":121,"date":"2022-02-24T20:03:04","date_gmt":"2022-02-24T19:03:04","guid":{"rendered":"https:\/\/www.eva-laquieze.fr\/?page_id=121"},"modified":"2022-03-23T17:28:01","modified_gmt":"2022-03-23T16:28:01","slug":"praesentation","status":"publish","type":"page","link":"https:\/\/www.eva-laquieze.fr\/fr\/","title":{"rendered":"Presentation"},"content":{"rendered":"<div class=\"wpb-content-wrapper\"><p>[vc_row][vc_column][vc_single_image image=\u00a0\u00bb80&Prime; img_size=\u00a0\u00bbfull\u00a0\u00bb][\/vc_column][\/vc_row][vc_row][vc_column width=\u00a0\u00bb2\/3&Prime;][vc_column_text]Ma pratique th\u00e9rapeutique s\u2019adresse \u00e0 tous ceux qui souffrent psychiquement et qui souhaitent parler de leur souffrance ou des difficult\u00e9s qu\u2019ils \u00e9prouvent vis a vis d\u2019eux-m\u00eames, dans leurs relations avec les autres ou dans certaines situations, afin de pouvoir en sortir.<\/p>\n<p>L\u2019exp\u00e9rience d\u00e9montre que, pour cela, le processus permettant de verbaliser sa situation et son histoire individuelle, ainsi que la prise de conscience de son propre d\u00e9sir, jouent un role important. Je peux vous accompagner et vous aider \u00e0 travers ce processus.<\/p>\n<p>&nbsp;<\/p>\n<p><em>Formation psychanalytique<\/em><\/p>\n<p>J\u2019ai achev\u00e9 en 2019 ma formation de psychanalyste dans le cadre de l\u2019<em>Association Lacanienne Internationale<\/em> dont le si\u00e8ge est \u00e0 Paris et dont je suis membre correspondant, \u00e9tant \u00e9galement membre d\u2019un groupe r\u00e9gional de l\u2019<em>A.L.I<\/em>. \u00e0 Nice, o\u00f9 je vis depuis plusieurs ann\u00e9es.<\/p>\n<p><em>L&rsquo;Association Lacanienne Internationale<\/em> est une association de psychanalystes reconnue d&rsquo;utilit\u00e9 publique, cr\u00e9\u00e9e en 1982 par le Dr. Charles Melman et al. Elle est actuellement repr\u00e9sent\u00e9e par dix-huit groupes dans diff\u00e9rents pays. Son but est d\u2019assurer la transmission de la psychanalyse aujourd&rsquo;hui dans une perspective pratique et th\u00e9or\u00e9tique. Elle poursuit le travail de Freud et de Lacan, afin de permettre la formation des analystes, contribue \u00e0 leur reconnaissance et leur qualification et \u00e9dite des publications. Pour cela elle prendre en consid\u00e9ration les changements sociales et force le dialogue avec les sciences, la culture et l\u2019art.<\/p>\n<p>Etant n\u00e9e en Autriche, les d\u00e9buts de ma formation remontent n\u00e9anmoins beaucoup plus loin, lors de mes ann\u00e9s d\u2019\u00e9tudes \u00e0 Vienne au cours desquelles je me suis familiaris\u00e9e avec la pratique psychanalytique de Sigmund Freud et de Jacques Lacan.<\/p>\n<p>Depuis 2001, j\u2019ai fait partie, \u00e0 Vienne, du \u201eGroupe de recherche psychanalytique<em> Stuzzicadenti\u201c<\/em>. De 2002 \u00e0 2004, j\u2019ai suivi un cursus universitaire de prop\u00e9deutique \u00e0 la psychoth\u00e9rapie (HOOP) et de 2006 \u00e0 2007 j\u2019ai particip\u00e9 \u00e0 Strasbourg aux <em>s\u00e9minaires<\/em> et <em>ateliers cliniques<\/em> de <em>l\u2019<\/em><em>Institut du Champ Freudien (<\/em><em>Section Clinique de Strasbourg sous les Auspices du Departement de Psychanalyse de l\u2019Universit\u00e9 de Paris VIII, Association UFORCA)<\/em>.<\/p>\n<div class=\"spoiler-wrap\">\n\t\t\t\t<div class=\"spoiler-head folded\">lire plus<\/div>\n\t\t\t\t<div class=\"spoiler-body\">\n<p><em>Formation universitaire<\/em><\/p>\n<p>J\u2019ai \u00e9galement commenc\u00e9 en Autriche mes \u00e9tudes universitaires. J\u2019ai \u00e9tudi\u00e9 la philosophie, la psychologie et la p\u00e9dagogie, ainsi que la philologie allemande aux universit\u00e9s de Graz et de Vienne. En 1990 j\u2019ai obtenu ma <em>maitrise en philosophie<\/em> <em>(Magister)<\/em> \u00e0 l\u2019universit\u00e9 de Vienne. En 1996 j\u2019ai b\u00e9n\u00e9fici\u00e9 d\u2019une bourse de doctorat pour effectuer une recherche au d\u00e9partement de philosophie \u00e0 l\u2019universit\u00e9 de Californie, Berkeley \/ U.S.A. En 1999 j\u2019ai obtenu mon <em>dipl\u00f4me de doctorat (<\/em><em>Doktor)<\/em> de philosophie \u00e1 l\u2019universit\u00e9 de Vienne avec mention \u201etr\u00e8s bien\u201c.<\/p>\n<p>&nbsp;<\/p>\n<p><em>Recherche et enseignement <\/em><\/p>\n<p>De 1991 \u00e0 2005 j\u2019ai travaill\u00e9 en tant que chercheuse \u00e0 l&rsquo;Institut pour la Science et l\u2019Art (IWK) \u00e1 Vienne. Depuis 2000, j\u2019enseigne en tant que <em>charg\u00e9e de cours<\/em> \u00e0 <em>l\u2019Institut de philosophie<\/em> ainsi qu\u2019aupr\u00e8s des <em>centres <\/em><em>de recherche sur les sexes<\/em> [Geschlechterforschung] des universit\u00e9s de Klagenfurt, Vienne et Graz, ce qui m\u2019a donn\u00e9 l\u2019occasion d\u2019aborder les relations entre les probl\u00e9matiques philosophiques et psychanalytiques sur ces questions.<\/p>\n<p>De 2009 \u00e0 2011 j\u2019ai assum\u00e9 la direction, en tant qu\u2019assistante de recherche post-doc au d\u00e9partement de philosophie de l\u2019universit\u00e9 de Vienne, du projet de recherche <em>\u201e<\/em><em>Transferences: Psychoanalysis \u2013 Art \u2013 Society\u201c<\/em> en relation avec le Groupe viennois recherche psychanalytique <em>Stuzzicadenti<\/em>. Ce projet a \u00e9t\u00e9 subvention\u00e9 par le Fonds Viennois pour la Science et la Technologie (WWTF). (En 2009 le projet a obtenu le <em>\u201e<\/em><em>Prix des sciences humaines, sociales et culturelles<\/em><em>\u201c<\/em> d\u00e9cern\u00e9 par la ville de Vienne).<\/p>\n<p>En 2021 j\u2019ai obtenu \u00e0 l\u2019universit\u00e9 de Klagenfurt mon <em>habilitation \u00e0 diriger des recherches<\/em> <em>(HDR)<\/em> et \u00e0 enseigner la discipline philosophie \u00e0 l\u2019universit\u00e9 (<em>venia docendi<\/em>), en soutenant ma th\u00e8se d\u2019habilitation dont le titre est ainsi formul\u00e9: <em>Das resthafte Subjekt. Eine philosophisch-psychoanalytische Untersuchung \u00fcber die Ursache des Begehrens<\/em> [Le sujet et le reste. Une investigation philosophique et psychanalytique de la cause du d\u00e9sir.].<\/p>\n<p>&nbsp;<\/p>\n<p><em>Formation continue<\/em><\/p>\n<p>Mon rapport \u00e0 la psychanalyse en tant que pratique th\u00e9rapeutique est ainsi \u00e9troitement li\u00e9 avec mes travaux scientifiques sur la psychanalyse comme th\u00e9orie du sujet et de la civilisation humaine. En outre j\u2019ai publi\u00e9 plusieurs \u00e9crits sur les questions li\u00e9es \u00e0 la psychanalyse et participe r\u00e9guli\u00e8rement \u00e0 des congr\u00e8s, conf\u00e9rences et groupes de travail sur des sujets concernant la psychanalyse.<\/p>\n<p><\/div>\n\t\t\t<\/div>[\/vc_column_text][\/vc_column][vc_column width=\u00a0\u00bb1\/3&Prime;][\/vc_column][\/vc_row]<\/p>\n<\/div>","protected":false},"excerpt":{"rendered":"<p>[vc_row][vc_column][vc_single_image image=\u00a0\u00bb80&Prime; img_size=\u00a0\u00bbfull\u00a0\u00bb][\/vc_column][\/vc_row][vc_row][vc_column width=\u00a0\u00bb2\/3&Prime;][vc_column_text]Ma pratique th\u00e9rapeutique s\u2019adresse \u00e0 tous ceux qui souffrent psychiquement et qui souhaitent parler de leur souffrance ou des difficult\u00e9s qu\u2019ils \u00e9prouvent vis a vis d\u2019eux-m\u00eames, dans leurs relations avec les autres ou dans certaines situations, afin de pouvoir en sortir. L\u2019exp\u00e9rience d\u00e9montre que, pour cela, le processus permettant de verbaliser sa [&hellip;]<\/p>\n","protected":false},"author":1,"featured_media":0,"parent":0,"menu_order":0,"comment_status":"closed","ping_status":"closed","template":"","meta":{"ocean_post_layout":"","ocean_both_sidebars_style":"","ocean_both_sidebars_content_width":0,"ocean_both_sidebars_sidebars_width":0,"ocean_sidebar":"0","ocean_second_sidebar":"0","ocean_disable_margins":"enable","ocean_add_body_class":"","ocean_shortcode_before_top_bar":"","ocean_shortcode_after_top_bar":"","ocean_shortcode_before_header":"","ocean_shortcode_after_header":"","ocean_has_shortcode":"","ocean_shortcode_after_title":"","ocean_shortcode_before_footer_widgets":"","ocean_shortcode_after_footer_widgets":"","ocean_shortcode_before_footer_bottom":"","ocean_shortcode_after_footer_bottom":"","ocean_display_top_bar":"default","ocean_display_header":"default","ocean_header_style":"","ocean_center_header_left_menu":"0","ocean_custom_header_template":"0","ocean_custom_logo":0,"ocean_custom_retina_logo":0,"ocean_custom_logo_max_width":0,"ocean_custom_logo_tablet_max_width":0,"ocean_custom_logo_mobile_max_width":0,"ocean_custom_logo_max_height":0,"ocean_custom_logo_tablet_max_height":0,"ocean_custom_logo_mobile_max_height":0,"ocean_header_custom_menu":"0","ocean_menu_typo_font_family":"0","ocean_menu_typo_font_subset":"","ocean_menu_typo_font_size":0,"ocean_menu_typo_font_size_tablet":0,"ocean_menu_typo_font_size_mobile":0,"ocean_menu_typo_font_size_unit":"px","ocean_menu_typo_font_weight":"","ocean_menu_typo_font_weight_tablet":"","ocean_menu_typo_font_weight_mobile":"","ocean_menu_typo_transform":"","ocean_menu_typo_transform_tablet":"","ocean_menu_typo_transform_mobile":"","ocean_menu_typo_line_height":0,"ocean_menu_typo_line_height_tablet":0,"ocean_menu_typo_line_height_mobile":0,"ocean_menu_typo_line_height_unit":"","ocean_menu_typo_spacing":0,"ocean_menu_typo_spacing_tablet":0,"ocean_menu_typo_spacing_mobile":0,"ocean_menu_typo_spacing_unit":"","ocean_menu_link_color":"","ocean_menu_link_color_hover":"","ocean_menu_link_color_active":"","ocean_menu_link_background":"","ocean_menu_link_hover_background":"","ocean_menu_link_active_background":"","ocean_menu_social_links_bg":"","ocean_menu_social_hover_links_bg":"","ocean_menu_social_links_color":"","ocean_menu_social_hover_links_color":"","ocean_disable_title":"default","ocean_disable_heading":"default","ocean_post_title":"","ocean_post_subheading":"","ocean_post_title_style":"","ocean_post_title_background_color":"","ocean_post_title_background":0,"ocean_post_title_bg_image_position":"","ocean_post_title_bg_image_attachment":"","ocean_post_title_bg_image_repeat":"","ocean_post_title_bg_image_size":"","ocean_post_title_height":0,"ocean_post_title_bg_overlay":0.5,"ocean_post_title_bg_overlay_color":"","ocean_disable_breadcrumbs":"default","ocean_breadcrumbs_color":"","ocean_breadcrumbs_separator_color":"","ocean_breadcrumbs_links_color":"","ocean_breadcrumbs_links_hover_color":"","ocean_display_footer_widgets":"default","ocean_display_footer_bottom":"default","ocean_custom_footer_template":"0","footnotes":""},"class_list":["post-121","page","type-page","status-publish","hentry","entry"],"yoast_head":"<!-- This site is optimized with the Yoast SEO plugin v25.3 - https:\/\/yoast.com\/wordpress\/plugins\/seo\/ -->\n<title>Presentation - Dr. Eva Laqui\u00e8ze-Waniek<\/title>\n<meta name=\"description\" content=\"Psychanalyste fran\u00e7ais Nice \/ Cote d\u2018 Azur\" \/>\n<meta name=\"robots\" content=\"index, follow, max-snippet:-1, max-image-preview:large, max-video-preview:-1\" \/>\n<link rel=\"canonical\" href=\"https:\/\/www.eva-laquieze.fr\/fr\/\" \/>\n<meta property=\"og:locale\" content=\"fr_FR\" \/>\n<meta property=\"og:type\" content=\"article\" \/>\n<meta property=\"og:title\" content=\"Presentation - Dr. Eva Laqui\u00e8ze-Waniek\" \/>\n<meta property=\"og:description\" content=\"Psychanalyste fran\u00e7ais Nice \/ Cote d\u2018 Azur\" \/>\n<meta property=\"og:url\" content=\"https:\/\/www.eva-laquieze.fr\/fr\/\" \/>\n<meta property=\"og:site_name\" content=\"Dr. Eva Laqui\u00e8ze-Waniek\" \/>\n<meta property=\"article:modified_time\" content=\"2022-03-23T16:28:01+00:00\" \/>\n<meta name=\"twitter:card\" content=\"summary_large_image\" \/>\n<meta name=\"twitter:label1\" content=\"Dur\u00e9e de lecture estim\u00e9e\" \/>\n\t<meta name=\"twitter:data1\" content=\"4 minutes\" \/>\n<script type=\"application\/ld+json\" class=\"yoast-schema-graph\">{\"@context\":\"https:\/\/schema.org\",\"@graph\":[{\"@type\":\"WebPage\",\"@id\":\"https:\/\/www.eva-laquieze.fr\/fr\/\",\"url\":\"https:\/\/www.eva-laquieze.fr\/fr\/\",\"name\":\"Presentation - Dr. Eva Laqui\u00e8ze-Waniek\",\"isPartOf\":{\"@id\":\"https:\/\/www.eva-laquieze.fr\/de\/#website\"},\"datePublished\":\"2022-02-24T19:03:04+00:00\",\"dateModified\":\"2022-03-23T16:28:01+00:00\",\"description\":\"Psychanalyste fran\u00e7ais Nice \/ Cote d\u2018 Azur\",\"breadcrumb\":{\"@id\":\"https:\/\/www.eva-laquieze.fr\/fr\/#breadcrumb\"},\"inLanguage\":\"fr-FR\",\"potentialAction\":[{\"@type\":\"ReadAction\",\"target\":[\"https:\/\/www.eva-laquieze.fr\/fr\/\"]}]},{\"@type\":\"BreadcrumbList\",\"@id\":\"https:\/\/www.eva-laquieze.fr\/fr\/#breadcrumb\",\"itemListElement\":[{\"@type\":\"ListItem\",\"position\":1,\"name\":\"Startseite\",\"item\":\"https:\/\/www.eva-laquieze.fr\/fr\/\"},{\"@type\":\"ListItem\",\"position\":2,\"name\":\"Presentation\"}]},{\"@type\":\"WebSite\",\"@id\":\"https:\/\/www.eva-laquieze.fr\/de\/#website\",\"url\":\"https:\/\/www.eva-laquieze.fr\/de\/\",\"name\":\"Dr. Eva Laqui\u00e8ze-Waniek\",\"description\":\"Psychanalyste \/ Psychoanalytikerin in Nizza \/ Psychoanalyst \/ \u00e0 Nice\",\"potentialAction\":[{\"@type\":\"SearchAction\",\"target\":{\"@type\":\"EntryPoint\",\"urlTemplate\":\"https:\/\/www.eva-laquieze.fr\/de\/?s={search_term_string}\"},\"query-input\":{\"@type\":\"PropertyValueSpecification\",\"valueRequired\":true,\"valueName\":\"search_term_string\"}}],\"inLanguage\":\"fr-FR\"}]}<\/script>\n<!-- \/ Yoast SEO plugin. -->","yoast_head_json":{"title":"Presentation - Dr. Eva Laqui\u00e8ze-Waniek","description":"Psychanalyste fran\u00e7ais Nice \/ Cote d\u2018 Azur","robots":{"index":"index","follow":"follow","max-snippet":"max-snippet:-1","max-image-preview":"max-image-preview:large","max-video-preview":"max-video-preview:-1"},"canonical":"https:\/\/www.eva-laquieze.fr\/fr\/","og_locale":"fr_FR","og_type":"article","og_title":"Presentation - Dr. Eva Laqui\u00e8ze-Waniek","og_description":"Psychanalyste fran\u00e7ais Nice \/ Cote d\u2018 Azur","og_url":"https:\/\/www.eva-laquieze.fr\/fr\/","og_site_name":"Dr. Eva Laqui\u00e8ze-Waniek","article_modified_time":"2022-03-23T16:28:01+00:00","twitter_card":"summary_large_image","twitter_misc":{"Dur\u00e9e de lecture estim\u00e9e":"4 minutes"},"schema":{"@context":"https:\/\/schema.org","@graph":[{"@type":"WebPage","@id":"https:\/\/www.eva-laquieze.fr\/fr\/","url":"https:\/\/www.eva-laquieze.fr\/fr\/","name":"Presentation - Dr. Eva Laqui\u00e8ze-Waniek","isPartOf":{"@id":"https:\/\/www.eva-laquieze.fr\/de\/#website"},"datePublished":"2022-02-24T19:03:04+00:00","dateModified":"2022-03-23T16:28:01+00:00","description":"Psychanalyste fran\u00e7ais Nice \/ Cote d\u2018 Azur","breadcrumb":{"@id":"https:\/\/www.eva-laquieze.fr\/fr\/#breadcrumb"},"inLanguage":"fr-FR","potentialAction":[{"@type":"ReadAction","target":["https:\/\/www.eva-laquieze.fr\/fr\/"]}]},{"@type":"BreadcrumbList","@id":"https:\/\/www.eva-laquieze.fr\/fr\/#breadcrumb","itemListElement":[{"@type":"ListItem","position":1,"name":"Startseite","item":"https:\/\/www.eva-laquieze.fr\/fr\/"},{"@type":"ListItem","position":2,"name":"Presentation"}]},{"@type":"WebSite","@id":"https:\/\/www.eva-laquieze.fr\/de\/#website","url":"https:\/\/www.eva-laquieze.fr\/de\/","name":"Dr. Eva Laqui\u00e8ze-Waniek","description":"Psychanalyste \/ Psychoanalytikerin in Nizza \/ Psychoanalyst \/ \u00e0 Nice","potentialAction":[{"@type":"SearchAction","target":{"@type":"EntryPoint","urlTemplate":"https:\/\/www.eva-laquieze.fr\/de\/?s={search_term_string}"},"query-input":{"@type":"PropertyValueSpecification","valueRequired":true,"valueName":"search_term_string"}}],"inLanguage":"fr-FR"}]}},"_links":{"self":[{"href":"https:\/\/www.eva-laquieze.fr\/fr\/wp-json\/wp\/v2\/pages\/121","targetHints":{"allow":["GET"]}}],"collection":[{"href":"https:\/\/www.eva-laquieze.fr\/fr\/wp-json\/wp\/v2\/pages"}],"about":[{"href":"https:\/\/www.eva-laquieze.fr\/fr\/wp-json\/wp\/v2\/types\/page"}],"author":[{"embeddable":true,"href":"https:\/\/www.eva-laquieze.fr\/fr\/wp-json\/wp\/v2\/users\/1"}],"replies":[{"embeddable":true,"href":"https:\/\/www.eva-laquieze.fr\/fr\/wp-json\/wp\/v2\/comments?post=121"}],"version-history":[{"count":7,"href":"https:\/\/www.eva-laquieze.fr\/fr\/wp-json\/wp\/v2\/pages\/121\/revisions"}],"predecessor-version":[{"id":236,"href":"https:\/\/www.eva-laquieze.fr\/fr\/wp-json\/wp\/v2\/pages\/121\/revisions\/236"}],"wp:attachment":[{"href":"https:\/\/www.eva-laquieze.fr\/fr\/wp-json\/wp\/v2\/media?parent=121"}],"curies":[{"name":"wp","href":"https:\/\/api.w.org\/{rel}","templated":true}]}}