{"id":15,"date":"2022-02-24T19:57:48","date_gmt":"2022-02-24T18:57:48","guid":{"rendered":"https:\/\/www.eva-laquieze.fr\/?page_id=15"},"modified":"2022-03-23T17:19:04","modified_gmt":"2022-03-23T16:19:04","slug":"bienvenue-willkommen-welcome","status":"publish","type":"page","link":"https:\/\/www.eva-laquieze.fr\/","title":{"rendered":"Bienvenue \/ Willkommen \/ Welcome"},"content":{"rendered":"<div class=\"wpb-content-wrapper\"><p>[vc_row][vc_column][vc_single_image image=&#8220;62&#8243; img_size=&#8220;full&#8220;][\/vc_column][\/vc_row][vc_row][vc_column][\/vc_column][\/vc_row][vc_row][vc_column width=&#8220;1\/3&#8243;][vc_column_text]<strong>Psychanalyste \u00e0 Nice<br \/>\n<\/strong>Philosophe (HDR)<\/p>\n<p>A notre \u00e9poque, caract\u00e9ris\u00e9e par de rapides mutations de la soci\u00e9t\u00e9 et des transformations complexes qui ont des incidences sur la vie des individus, il est parfois difficile de trouver sa propre place et d\u2019exprimer nos soucis et nos souffrances. Ces difficult\u00e9s <em>\u2013<\/em> qui s\u2019inscrivent dans l\u2019histoire familiale ainsi que dans le contexte des rapports sociaux <em>\u2013<\/em> peuvent entrainer des r\u00e9actions ou des sympt\u00f4mes tels que stress, angoisse, deuil, col\u00e8re refoul\u00e9e, d\u00e9pression, addiction, obsession, insomnie, ainsi que diff\u00e9rents traumatismes, mais \u00e9galement des probl\u00e8mes relationnels (p. ex. dans la sph\u00e8re familiale, scolaire ou professionnelle), pour ne mentionner que cela. Face \u00e0 cela, avoir recours \u00e0 la psychanalyse peut s\u2019av\u00e9rer tr\u00e8s utile pour trouver un chemin et sortir du cercle vicieux de la souffrance et du chagrin et retrouver un rapport plus serein \u00e0 sa propre vie.<\/p>\n<p><strong><a href=\"\/fr\">\u2192 Bienvenue<\/a><\/strong>[\/vc_column_text][\/vc_column][vc_column width=&#8220;1\/3&#8243;][vc_column_text]<strong>Psychoanalytikerin in Nizza<br \/>\n<\/strong>C\u00f4te d\u2019Azur, Philosophin (habil.)<\/p>\n<p>In einer Zeit, die gepr\u00e4gt ist von raschem Wandel im Sozialen und komplexen Ver\u00e4nderungen in der Lebenswelt der einzelnen, erweist es sich mitunter als schwierig, einen eigenen Platz zu finden und dabei Sorge, Kummer oder Leid in Sprache auszudr\u00fccken. Verbunden mit der eigenen Familiengeschichte sowie im Kontext herrschender gesellschaftlicher Verh\u00e4ltnisse und Ideale kann dies zu Reaktionen oder Symptomen wie Stress, Angst, Trauer, verdr\u00e4ngter Wut, Depression, Sucht, Zwang, Schlaflosigkeit, Trauma sowie zu Problemen in Beziehung, Familie, Schule oder Arbeit f\u00fchren, um nur einige zu nennen. Hier kann es sehr hilfreich sein, wenn man sich an eine\/n Psychoanalytiker\/in wendet, um einen Ausweg aus dem Kreislauf von Leid und Schmerz zu finden und einen wieder freudenvolleren Zugang zum Leben zu gewinnen.<\/p>\n<p><a href=\"\/de\"><strong>\u2192 Willkommen<\/strong><\/a>[\/vc_column_text][\/vc_column][vc_column width=&#8220;1\/3&#8243;][vc_column_text]<strong>Psychoanalyst in Nice<br \/>\n<\/strong>Philosopher<\/p>\n<p>In a time of rapid social transformation and complex changes in our ways of living togther, it can sometimes prove difficult to find one\u2019s own place and put into words our worries, our sorrow or our suffering. In conjunction with our personal family history and within the context of the prevailing social conditions and ideals, this can sometimes lead to reactions or symptoms such as stress, fear, grief, repressed anger, depression, addiction, compulsion, insomnia or trauma as well as to problems in our relationships, family, school or work, to name but a few. When this happens, it can be very helpful to turn to a psychoanalyst in order to find a way out of the cycle of suffering and pain so we can regain a more joyful outlook on life.<\/p>\n<p><strong><a href=\"\/en\">\u2192 Welcome<\/a><\/strong>[\/vc_column_text][\/vc_column][\/vc_row]<\/p>\n<\/div>","protected":false},"excerpt":{"rendered":"<p>[vc_row][vc_column][vc_single_image image=&#8220;62&#8243; img_size=&#8220;full&#8220;][\/vc_column][\/vc_row][vc_row][vc_column][\/vc_column][\/vc_row][vc_row][vc_column width=&#8220;1\/3&#8243;][vc_column_text]Psychanalyste \u00e0 Nice Philosophe (HDR) A notre \u00e9poque, caract\u00e9ris\u00e9e par de rapides mutations de la soci\u00e9t\u00e9 et des transformations complexes qui ont des incidences sur la vie des individus, il est parfois difficile de trouver sa propre place et d\u2019exprimer nos soucis et nos souffrances. Ces difficult\u00e9s \u2013 qui s\u2019inscrivent dans l\u2019histoire [&hellip;]<\/p>\n","protected":false},"author":1,"featured_media":0,"parent":0,"menu_order":0,"comment_status":"closed","ping_status":"closed","template":"","meta":{"ocean_post_layout":"","ocean_both_sidebars_style":"","ocean_both_sidebars_content_width":0,"ocean_both_sidebars_sidebars_width":0,"ocean_sidebar":"0","ocean_second_sidebar":"0","ocean_disable_margins":"enable","ocean_add_body_class":"","ocean_shortcode_before_top_bar":"","ocean_shortcode_after_top_bar":"","ocean_shortcode_before_header":"","ocean_shortcode_after_header":"","ocean_has_shortcode":"","ocean_shortcode_after_title":"","ocean_shortcode_before_footer_widgets":"","ocean_shortcode_after_footer_widgets":"","ocean_shortcode_before_footer_bottom":"","ocean_shortcode_after_footer_bottom":"","ocean_display_top_bar":"default","ocean_display_header":"default","ocean_header_style":"","ocean_center_header_left_menu":"0","ocean_custom_header_template":"0","ocean_custom_logo":0,"ocean_custom_retina_logo":0,"ocean_custom_logo_max_width":0,"ocean_custom_logo_tablet_max_width":0,"ocean_custom_logo_mobile_max_width":0,"ocean_custom_logo_max_height":0,"ocean_custom_logo_tablet_max_height":0,"ocean_custom_logo_mobile_max_height":0,"ocean_header_custom_menu":"0","ocean_menu_typo_font_family":"0","ocean_menu_typo_font_subset":"","ocean_menu_typo_font_size":0,"ocean_menu_typo_font_size_tablet":0,"ocean_menu_typo_font_size_mobile":0,"ocean_menu_typo_font_size_unit":"px","ocean_menu_typo_font_weight":"","ocean_menu_typo_font_weight_tablet":"","ocean_menu_typo_font_weight_mobile":"","ocean_menu_typo_transform":"","ocean_menu_typo_transform_tablet":"","ocean_menu_typo_transform_mobile":"","ocean_menu_typo_line_height":0,"ocean_menu_typo_line_height_tablet":0,"ocean_menu_typo_line_height_mobile":0,"ocean_menu_typo_line_height_unit":"","ocean_menu_typo_spacing":0,"ocean_menu_typo_spacing_tablet":0,"ocean_menu_typo_spacing_mobile":0,"ocean_menu_typo_spacing_unit":"","ocean_menu_link_color":"","ocean_menu_link_color_hover":"","ocean_menu_link_color_active":"","ocean_menu_link_background":"","ocean_menu_link_hover_background":"","ocean_menu_link_active_background":"","ocean_menu_social_links_bg":"","ocean_menu_social_hover_links_bg":"","ocean_menu_social_links_color":"","ocean_menu_social_hover_links_color":"","ocean_disable_title":"default","ocean_disable_heading":"default","ocean_post_title":"","ocean_post_subheading":"","ocean_post_title_style":"","ocean_post_title_background_color":"","ocean_post_title_background":0,"ocean_post_title_bg_image_position":"","ocean_post_title_bg_image_attachment":"","ocean_post_title_bg_image_repeat":"","ocean_post_title_bg_image_size":"","ocean_post_title_height":0,"ocean_post_title_bg_overlay":0.5,"ocean_post_title_bg_overlay_color":"","ocean_disable_breadcrumbs":"default","ocean_breadcrumbs_color":"","ocean_breadcrumbs_separator_color":"","ocean_breadcrumbs_links_color":"","ocean_breadcrumbs_links_hover_color":"","ocean_display_footer_widgets":"default","ocean_display_footer_bottom":"default","ocean_custom_footer_template":"0","footnotes":""},"class_list":["post-15","page","type-page","status-publish","hentry","entry"],"yoast_head":"<!-- This site is optimized with the Yoast SEO plugin v25.3 - https:\/\/yoast.com\/wordpress\/plugins\/seo\/ -->\n<title>Bienvenue \/ Willkommen \/ Welcome - Dr. Eva Laqui\u00e8ze-Waniek<\/title>\n<meta name=\"description\" content=\"Psychoanalytikerin deutsch Nizza \/ Cote d&#039;Azur | psychanalyste fran\u00e7ais Nice \/ Cote d\u2018 Azur | psychoanalyst english Nice \/ Cote d\u2018Azur\" \/>\n<meta name=\"robots\" content=\"index, follow, max-snippet:-1, max-image-preview:large, max-video-preview:-1\" \/>\n<link rel=\"canonical\" href=\"https:\/\/www.eva-laquieze.fr\/de\/\" \/>\n<meta property=\"og:locale\" content=\"de_DE\" \/>\n<meta property=\"og:type\" content=\"article\" \/>\n<meta property=\"og:title\" content=\"Bienvenue \/ Willkommen \/ Welcome - Dr. Eva Laqui\u00e8ze-Waniek\" \/>\n<meta property=\"og:description\" content=\"Psychoanalytikerin deutsch Nizza \/ Cote d&#039;Azur | psychanalyste fran\u00e7ais Nice \/ Cote d\u2018 Azur | psychoanalyst english Nice \/ Cote d\u2018Azur\" \/>\n<meta property=\"og:url\" content=\"https:\/\/www.eva-laquieze.fr\/\" \/>\n<meta property=\"og:site_name\" content=\"Dr. Eva Laqui\u00e8ze-Waniek\" \/>\n<meta property=\"article:modified_time\" content=\"2022-03-23T16:19:04+00:00\" \/>\n<meta name=\"twitter:card\" content=\"summary_large_image\" \/>\n<meta name=\"twitter:label1\" content=\"Gesch\u00e4tzte Lesezeit\" \/>\n\t<meta name=\"twitter:data1\" content=\"3\u00a0Minuten\" \/>\n<script type=\"application\/ld+json\" class=\"yoast-schema-graph\">{\"@context\":\"https:\/\/schema.org\",\"@graph\":[{\"@type\":\"WebPage\",\"@id\":\"https:\/\/www.eva-laquieze.fr\/\",\"url\":\"https:\/\/www.eva-laquieze.fr\/\",\"name\":\"Bienvenue \/ Willkommen \/ Welcome - Dr. Eva Laqui\u00e8ze-Waniek\",\"isPartOf\":{\"@id\":\"https:\/\/www.eva-laquieze.fr\/de\/#website\"},\"datePublished\":\"2022-02-24T18:57:48+00:00\",\"dateModified\":\"2022-03-23T16:19:04+00:00\",\"description\":\"Psychoanalytikerin deutsch Nizza \/ Cote d'Azur | psychanalyste fran\u00e7ais Nice \/ Cote d\u2018 Azur | psychoanalyst english Nice \/ Cote d\u2018Azur\",\"breadcrumb\":{\"@id\":\"https:\/\/www.eva-laquieze.fr\/#breadcrumb\"},\"inLanguage\":\"de\",\"potentialAction\":[{\"@type\":\"ReadAction\",\"target\":[\"https:\/\/www.eva-laquieze.fr\/\"]}]},{\"@type\":\"BreadcrumbList\",\"@id\":\"https:\/\/www.eva-laquieze.fr\/#breadcrumb\",\"itemListElement\":[{\"@type\":\"ListItem\",\"position\":1,\"name\":\"Startseite\",\"item\":\"https:\/\/www.eva-laquieze.fr\/de\/\"},{\"@type\":\"ListItem\",\"position\":2,\"name\":\"Bienvenue \/ Willkommen \/ Welcome\"}]},{\"@type\":\"WebSite\",\"@id\":\"https:\/\/www.eva-laquieze.fr\/de\/#website\",\"url\":\"https:\/\/www.eva-laquieze.fr\/de\/\",\"name\":\"Dr. Eva Laqui\u00e8ze-Waniek\",\"description\":\"Psychanalyste \/ Psychoanalytikerin in Nizza \/ Psychoanalyst \/ \u00e0 Nice\",\"potentialAction\":[{\"@type\":\"SearchAction\",\"target\":{\"@type\":\"EntryPoint\",\"urlTemplate\":\"https:\/\/www.eva-laquieze.fr\/de\/?s={search_term_string}\"},\"query-input\":{\"@type\":\"PropertyValueSpecification\",\"valueRequired\":true,\"valueName\":\"search_term_string\"}}],\"inLanguage\":\"de\"}]}<\/script>\n<!-- \/ Yoast SEO plugin. -->","yoast_head_json":{"title":"Bienvenue \/ Willkommen \/ Welcome - Dr. Eva Laqui\u00e8ze-Waniek","description":"Psychoanalytikerin deutsch Nizza \/ Cote d'Azur | psychanalyste fran\u00e7ais Nice \/ Cote d\u2018 Azur | psychoanalyst english Nice \/ Cote d\u2018Azur","robots":{"index":"index","follow":"follow","max-snippet":"max-snippet:-1","max-image-preview":"max-image-preview:large","max-video-preview":"max-video-preview:-1"},"canonical":"https:\/\/www.eva-laquieze.fr\/de\/","og_locale":"de_DE","og_type":"article","og_title":"Bienvenue \/ Willkommen \/ Welcome - Dr. Eva Laqui\u00e8ze-Waniek","og_description":"Psychoanalytikerin deutsch Nizza \/ Cote d'Azur | psychanalyste fran\u00e7ais Nice \/ Cote d\u2018 Azur | psychoanalyst english Nice \/ Cote d\u2018Azur","og_url":"https:\/\/www.eva-laquieze.fr\/","og_site_name":"Dr. Eva Laqui\u00e8ze-Waniek","article_modified_time":"2022-03-23T16:19:04+00:00","twitter_card":"summary_large_image","twitter_misc":{"Gesch\u00e4tzte Lesezeit":"3\u00a0Minuten"},"schema":{"@context":"https:\/\/schema.org","@graph":[{"@type":"WebPage","@id":"https:\/\/www.eva-laquieze.fr\/","url":"https:\/\/www.eva-laquieze.fr\/","name":"Bienvenue \/ Willkommen \/ Welcome - Dr. Eva Laqui\u00e8ze-Waniek","isPartOf":{"@id":"https:\/\/www.eva-laquieze.fr\/de\/#website"},"datePublished":"2022-02-24T18:57:48+00:00","dateModified":"2022-03-23T16:19:04+00:00","description":"Psychoanalytikerin deutsch Nizza \/ Cote d'Azur | psychanalyste fran\u00e7ais Nice \/ Cote d\u2018 Azur | psychoanalyst english Nice \/ Cote d\u2018Azur","breadcrumb":{"@id":"https:\/\/www.eva-laquieze.fr\/#breadcrumb"},"inLanguage":"de","potentialAction":[{"@type":"ReadAction","target":["https:\/\/www.eva-laquieze.fr\/"]}]},{"@type":"BreadcrumbList","@id":"https:\/\/www.eva-laquieze.fr\/#breadcrumb","itemListElement":[{"@type":"ListItem","position":1,"name":"Startseite","item":"https:\/\/www.eva-laquieze.fr\/de\/"},{"@type":"ListItem","position":2,"name":"Bienvenue \/ Willkommen \/ Welcome"}]},{"@type":"WebSite","@id":"https:\/\/www.eva-laquieze.fr\/de\/#website","url":"https:\/\/www.eva-laquieze.fr\/de\/","name":"Dr. Eva Laqui\u00e8ze-Waniek","description":"Psychanalyste \/ Psychoanalytikerin in Nizza \/ Psychoanalyst \/ \u00e0 Nice","potentialAction":[{"@type":"SearchAction","target":{"@type":"EntryPoint","urlTemplate":"https:\/\/www.eva-laquieze.fr\/de\/?s={search_term_string}"},"query-input":{"@type":"PropertyValueSpecification","valueRequired":true,"valueName":"search_term_string"}}],"inLanguage":"de"}]}},"_links":{"self":[{"href":"https:\/\/www.eva-laquieze.fr\/de\/wp-json\/wp\/v2\/pages\/15","targetHints":{"allow":["GET"]}}],"collection":[{"href":"https:\/\/www.eva-laquieze.fr\/de\/wp-json\/wp\/v2\/pages"}],"about":[{"href":"https:\/\/www.eva-laquieze.fr\/de\/wp-json\/wp\/v2\/types\/page"}],"author":[{"embeddable":true,"href":"https:\/\/www.eva-laquieze.fr\/de\/wp-json\/wp\/v2\/users\/1"}],"replies":[{"embeddable":true,"href":"https:\/\/www.eva-laquieze.fr\/de\/wp-json\/wp\/v2\/comments?post=15"}],"version-history":[{"count":10,"href":"https:\/\/www.eva-laquieze.fr\/de\/wp-json\/wp\/v2\/pages\/15\/revisions"}],"predecessor-version":[{"id":225,"href":"https:\/\/www.eva-laquieze.fr\/de\/wp-json\/wp\/v2\/pages\/15\/revisions\/225"}],"wp:attachment":[{"href":"https:\/\/www.eva-laquieze.fr\/de\/wp-json\/wp\/v2\/media?parent=15"}],"curies":[{"name":"wp","href":"https:\/\/api.w.org\/{rel}","templated":true}]}}